{"id":7,"date":"2025-12-09T13:49:06","date_gmt":"2025-12-09T12:49:06","guid":{"rendered":"https:\/\/bvoptic.pl\/?page_id=7"},"modified":"2026-02-19T09:49:18","modified_gmt":"2026-02-19T08:49:18","slug":"strona-glowna","status":"publish","type":"page","link":"https:\/\/bvoptic.pl\/","title":{"rendered":"Strona g\u0142\u00f3wna"},"content":{"rendered":"\n<div class=\"wp-block-cover alignfull is-light main-banner\"><img loading=\"lazy\" decoding=\"async\" width=\"1920\" height=\"1080\" class=\"wp-block-cover__image-background wp-image-150 size-full\" alt=\"\" src=\"https:\/\/bvoptic.pl\/wp-content\/uploads\/2026\/01\/hero_1_.webp\" data-object-fit=\"cover\" srcset=\"https:\/\/bvoptic.pl\/wp-content\/uploads\/2026\/01\/hero_1_.webp 1920w, https:\/\/bvoptic.pl\/wp-content\/uploads\/2026\/01\/hero_1_-300x169.webp 300w, https:\/\/bvoptic.pl\/wp-content\/uploads\/2026\/01\/hero_1_-1024x576.webp 1024w, https:\/\/bvoptic.pl\/wp-content\/uploads\/2026\/01\/hero_1_-768x432.webp 768w, https:\/\/bvoptic.pl\/wp-content\/uploads\/2026\/01\/hero_1_-1536x864.webp 1536w\" sizes=\"auto, (max-width: 1920px) 100vw, 1920px\" \/><span aria-hidden=\"true\" class=\"wp-block-cover__background has-background-dim-0 has-background-dim\"><\/span><div class=\"wp-block-cover__inner-container is-layout-flow wp-block-cover-is-layout-flow\">\n<div class=\"wp-block-columns are-vertically-aligned-center is-layout-flex wp-container-core-columns-is-layout-9d6595d7 wp-block-columns-is-layout-flex\">\n<div class=\"wp-block-column is-vertically-aligned-center is-layout-flow wp-block-column-is-layout-flow\" style=\"padding-right:var(--wp--preset--spacing--20);padding-left:var(--wp--preset--spacing--20);flex-basis:65%\">\n<div style=\"height:80px\" aria-hidden=\"true\" class=\"wp-block-spacer\"><\/div>\n\n\n\n<div style=\"height:100px\" aria-hidden=\"true\" class=\"wp-block-spacer\"><\/div>\n<\/div>\n\n\n\n<div class=\"wp-block-column is-vertically-aligned-center is-layout-flow wp-block-column-is-layout-flow\"><\/div>\n<\/div>\n<\/div><\/div>\n\n\n\n<div style=\"height:40px\" aria-hidden=\"true\" class=\"wp-block-spacer\"><\/div>\n\n\n\n<div class=\"wp-block-cover alignfull is-light\" style=\"min-height:600px;aspect-ratio:unset;\" id=\"o-nas\"><span aria-hidden=\"true\" class=\"wp-block-cover__background has-white-background-color has-background-dim-100 has-background-dim\"><\/span><div class=\"wp-block-cover__inner-container is-layout-flow wp-block-cover-is-layout-flow\">\n<div class=\"wp-block-group\"><div class=\"wp-block-group__inner-container is-layout-flow wp-block-group-is-layout-flow\">\n<div style=\"height:80px\" aria-hidden=\"true\" class=\"wp-block-spacer\"><\/div>\n\n\n\n<div class=\"wp-block-columns are-vertically-aligned-center mobile-order has-neve-text-color-color has-text-color is-layout-flex wp-container-core-columns-is-layout-9d6595d7 wp-block-columns-is-layout-flex\">\n<div class=\"wp-block-column is-vertically-aligned-center is-layout-flow wp-block-column-is-layout-flow\" style=\"padding-right:var(--wp--preset--spacing--30);padding-left:var(--wp--preset--spacing--30);flex-basis:50%\">\n<figure class=\"wp-block-image size-full has-custom-border\"><img loading=\"lazy\" decoding=\"async\" width=\"1788\" height=\"1788\" src=\"https:\/\/bvoptic.pl\/wp-content\/uploads\/2025\/12\/zlote-pioro-notebook-kalkulator-i-okulary-na-czarnym-biurku.jpg\" alt=\"\" class=\"wp-image-39\" style=\"border-radius:16px\" srcset=\"https:\/\/bvoptic.pl\/wp-content\/uploads\/2025\/12\/zlote-pioro-notebook-kalkulator-i-okulary-na-czarnym-biurku.jpg 1788w, https:\/\/bvoptic.pl\/wp-content\/uploads\/2025\/12\/zlote-pioro-notebook-kalkulator-i-okulary-na-czarnym-biurku-300x300.jpg 300w, https:\/\/bvoptic.pl\/wp-content\/uploads\/2025\/12\/zlote-pioro-notebook-kalkulator-i-okulary-na-czarnym-biurku-1024x1024.jpg 1024w, https:\/\/bvoptic.pl\/wp-content\/uploads\/2025\/12\/zlote-pioro-notebook-kalkulator-i-okulary-na-czarnym-biurku-150x150.jpg 150w, https:\/\/bvoptic.pl\/wp-content\/uploads\/2025\/12\/zlote-pioro-notebook-kalkulator-i-okulary-na-czarnym-biurku-768x768.jpg 768w, https:\/\/bvoptic.pl\/wp-content\/uploads\/2025\/12\/zlote-pioro-notebook-kalkulator-i-okulary-na-czarnym-biurku-1536x1536.jpg 1536w\" sizes=\"auto, (max-width: 1788px) 100vw, 1788px\" \/><\/figure>\n<\/div>\n\n\n\n<div class=\"wp-block-column is-vertically-aligned-center is-layout-flow wp-block-column-is-layout-flow\" style=\"padding-top:0;padding-right:var(--wp--preset--spacing--30);padding-bottom:0;padding-left:var(--wp--preset--spacing--30);flex-basis:50%\">\n<h2 class=\"wp-block-heading has-neve-text-color-color has-text-color\">O NAS<\/h2>\n\n\n\n<p class=\"has-neve-text-color-color has-text-color\">W BestVision wierzymy, \u017ce dobre okulary potrafi\u0105 odmieni\u0107 codzienno\u015b\u0107. Dlatego tworzymy kolekcje okular\u00f3w przeciws\u0142onecznych i do czytania, kt\u00f3re \u0142\u0105cz\u0105 modny wygl\u0105d, bezpiecze\u0144stwo i komfort u\u017cytkowania. Nasze produkty dost\u0119pne s\u0105 w najwi\u0119kszych sieciach handlowych w Polsce a ich wzornictwo jest stale aktualizowane, by zawsze odpowiada\u0142o najnowszym trendom.<\/p>\n\n\n\n<p>Oferujemy modele dla doros\u0142ych oraz dzieci , a tak\u017ce praktyczne ekspozytory i akcesoria. Dzi\u0119ki do\u015bwiadczeniu w produkcji dla sieci handlowych mo\u017cemy dostarczy\u0107 rozwi\u0105zania dopasowane do indywidualnych potrzeb partner\u00f3w biznesowych.<\/p>\n\n\n\n<p class=\"has-neve-text-color-color has-text-color\">Zapraszamy do wsp\u00f3\u0142pracy- razem stworzymy ofert\u0119, kt\u00f3ra przyci\u0105gnie uwag\u0119 klient\u00f3w.<\/p>\n<\/div>\n<\/div>\n\n\n\n<div style=\"height:40px\" aria-hidden=\"true\" class=\"wp-block-spacer\"><\/div>\n<\/div><\/div>\n<\/div><\/div>\n\n\n\n<div class=\"wp-block-cover alignfull\" style=\"min-height:600px;aspect-ratio:unset;\" id=\"okulary-przeciwsloneczne\"><span aria-hidden=\"true\" class=\"wp-block-cover__background has-nv-site-bg-background-color has-background-dim-100 has-background-dim\"><\/span><div class=\"wp-block-cover__inner-container is-layout-flow wp-block-cover-is-layout-flow\">\n<div class=\"wp-block-group\"><div class=\"wp-block-group__inner-container is-layout-flow wp-block-group-is-layout-flow\">\n<div style=\"height:80px\" aria-hidden=\"true\" class=\"wp-block-spacer\"><\/div>\n\n\n\n<div class=\"wp-block-columns are-vertically-aligned-center has-neve-text-color-color has-text-color is-layout-flex wp-container-core-columns-is-layout-9d6595d7 wp-block-columns-is-layout-flex\">\n<div class=\"wp-block-column is-vertically-aligned-center is-layout-flow wp-block-column-is-layout-flow\" style=\"padding-top:0;padding-right:var(--wp--preset--spacing--30);padding-bottom:0;padding-left:var(--wp--preset--spacing--30);flex-basis:50%\">\n<h2 class=\"wp-block-heading has-neve-text-color-color has-text-color\"><strong>OKULARY PRZECIWS\u0141ONECZNE<\/strong><\/h2>\n\n\n\n<p class=\"has-neve-text-color-color has-text-color\"><br>Jako producent i dystrybutor okular\u00f3w przeciws\u0142onecznych oferujemy bogata gam\u0119 modeli, kt\u00f3re wyr\u00f3\u017cniaj\u0105 si\u0119 eleganckim wzornictwem oraz precyzyjn\u0105 konstrukcj\u0105. Nasze kolekcje tworzymy z my\u015bl\u0105 o wygodzie u\u017cytkownika, dlatego stosujemy lekkie, trwa\u0142e materia\u0142y oraz soczewki zapewniaj\u0105ce skuteczn\u0105 ochron\u0119 przed promieniowaniem UV.<\/p>\n\n\n\n<p>Ka\u017cdy sezon to nowe propozycje inspirowane aktualnymi trendami, dzi\u0119ki czemu nasi partnerzy handlowi mog\u0105 liczy\u0107 na szeroki wyb\u00f3r modnych i ponadczasowych modeli okular\u00f3w przeciws\u0142onecznych.<\/p>\n\n\n\n<p class=\"has-neve-text-color-color has-text-color\">Wsp\u00f3\u0142praca z nami to gwarancja jako\u015bci, nowoczesnego stylu oraz kompleksowego wsparcia sprzeda\u017cy.<\/p>\n\n\n\n<div class=\"wp-block-buttons is-layout-flex wp-block-buttons-is-layout-flex\">\n<div class=\"wp-block-button\"><a class=\"wp-block-button__link has-small-font-size has-custom-font-size wp-element-button\" href=\"https:\/\/bvoptic.pl\/wp-content\/uploads\/2026\/02\/DEKLARACJA-ZGODNOSCI-UE-BestVision-Sp.-z-o.o.-Okulary-2026.pdf\">DEKLARACJA ZGODNO\u015aCI UE\u00a0 &#8211; BestVision Sp. z o.o. Okulary 2026<\/a><\/div>\n<\/div>\n<\/div>\n\n\n\n<div class=\"wp-block-column is-vertically-aligned-center is-layout-flow wp-block-column-is-layout-flow\" style=\"padding-right:var(--wp--preset--spacing--30);padding-left:var(--wp--preset--spacing--30);flex-basis:50%\">\n<figure class=\"wp-block-image size-full has-custom-border\"><img loading=\"lazy\" decoding=\"async\" width=\"2560\" height=\"1435\" src=\"https:\/\/bvoptic.pl\/wp-content\/uploads\/2026\/01\/AdobeStock_1799905558-scaled.webp\" alt=\"\" class=\"wp-image-145\" style=\"border-radius:16px\" srcset=\"https:\/\/bvoptic.pl\/wp-content\/uploads\/2026\/01\/AdobeStock_1799905558-scaled.webp 2560w, https:\/\/bvoptic.pl\/wp-content\/uploads\/2026\/01\/AdobeStock_1799905558-300x168.webp 300w, https:\/\/bvoptic.pl\/wp-content\/uploads\/2026\/01\/AdobeStock_1799905558-1024x574.webp 1024w, https:\/\/bvoptic.pl\/wp-content\/uploads\/2026\/01\/AdobeStock_1799905558-768x430.webp 768w, https:\/\/bvoptic.pl\/wp-content\/uploads\/2026\/01\/AdobeStock_1799905558-1536x861.webp 1536w, https:\/\/bvoptic.pl\/wp-content\/uploads\/2026\/01\/AdobeStock_1799905558-2048x1148.webp 2048w\" sizes=\"auto, (max-width: 2560px) 100vw, 2560px\" \/><\/figure>\n<\/div>\n<\/div>\n\n\n\n<div style=\"height:40px\" aria-hidden=\"true\" class=\"wp-block-spacer\"><\/div>\n<\/div><\/div>\n<\/div><\/div>\n\n\n\n<div class=\"wp-block-cover alignfull\" style=\"min-height:600px;aspect-ratio:unset;\" id=\"okulary-do-czytania\"><span aria-hidden=\"true\" class=\"wp-block-cover__background has-nv-site-bg-background-color has-background-dim-100 has-background-dim\"><\/span><div class=\"wp-block-cover__inner-container is-layout-flow wp-block-cover-is-layout-flow\">\n<div class=\"wp-block-group\"><div class=\"wp-block-group__inner-container is-layout-flow wp-block-group-is-layout-flow\">\n<div style=\"height:80px\" aria-hidden=\"true\" class=\"wp-block-spacer\"><\/div>\n\n\n\n<div class=\"wp-block-columns are-vertically-aligned-center mobile-order has-neve-text-color-color has-text-color is-layout-flex wp-container-core-columns-is-layout-9d6595d7 wp-block-columns-is-layout-flex\">\n<div class=\"wp-block-column is-vertically-aligned-center is-layout-flow wp-block-column-is-layout-flow\" style=\"padding-right:var(--wp--preset--spacing--30);padding-left:var(--wp--preset--spacing--30);flex-basis:50%\">\n<figure class=\"wp-block-image size-full has-custom-border\"><img loading=\"lazy\" decoding=\"async\" width=\"2560\" height=\"1435\" src=\"https:\/\/bvoptic.pl\/wp-content\/uploads\/2026\/01\/AdobeStock_736126991-scaled.webp\" alt=\"\" class=\"wp-image-140\" style=\"border-radius:16px\" srcset=\"https:\/\/bvoptic.pl\/wp-content\/uploads\/2026\/01\/AdobeStock_736126991-scaled.webp 2560w, https:\/\/bvoptic.pl\/wp-content\/uploads\/2026\/01\/AdobeStock_736126991-300x168.webp 300w, https:\/\/bvoptic.pl\/wp-content\/uploads\/2026\/01\/AdobeStock_736126991-1024x574.webp 1024w, https:\/\/bvoptic.pl\/wp-content\/uploads\/2026\/01\/AdobeStock_736126991-768x430.webp 768w, https:\/\/bvoptic.pl\/wp-content\/uploads\/2026\/01\/AdobeStock_736126991-1536x861.webp 1536w, https:\/\/bvoptic.pl\/wp-content\/uploads\/2026\/01\/AdobeStock_736126991-2048x1148.webp 2048w\" sizes=\"auto, (max-width: 2560px) 100vw, 2560px\" \/><\/figure>\n<\/div>\n\n\n\n<div class=\"wp-block-column is-vertically-aligned-center is-layout-flow wp-block-column-is-layout-flow\" style=\"padding-top:0;padding-right:var(--wp--preset--spacing--30);padding-bottom:0;padding-left:var(--wp--preset--spacing--30);flex-basis:50%\">\n<h2 class=\"wp-block-heading has-neve-text-color-color has-text-color\"><strong>OKULARY DO CZYTANIA<\/strong><\/h2>\n\n\n\n<p class=\"has-neve-text-color-color has-text-color\">Kolekcja okular\u00f3w EyeMedic zosta\u0142a zaprojektowana z my\u015bl\u0105 o osobach ceni\u0105cych wyrafinowany styl i wygl\u0105d. Starannie wyselekcjonowane materia\u0142y, w tym wysokogatunkowe tworzywa oraz subtelne elementy metalowe, nadaj\u0105 okularom wyj\u0105tkow\u0105 lekko\u015b\u0107 i trwa\u0142o\u015b\u0107.<\/p>\n\n\n\n<p class=\"has-neve-text-color-color has-text-color\">Nasze klasyczne i ponadczasowe wzory oferuj\u0105 idealne dopasowanie dla ka\u017cdego u\u017cytkownika, a szeroki zakres mocy \u2013 od +1,00 do +3,50 \u2013 pozwala na precyzyjne dobranie odpowiedniego modelu.<\/p>\n\n\n\n<div class=\"wp-block-buttons is-layout-flex wp-block-buttons-is-layout-flex\">\n<div class=\"wp-block-button\"><a class=\"wp-block-button__link has-small-font-size has-custom-font-size wp-element-button\" href=\"https:\/\/bvoptic.pl\/wp-content\/uploads\/2026\/02\/Wskazowki-dotyczace-uzytkowania-i-konserwacji-BVOptic.pdf\">Wskaz\u00f3wki dotycz\u0105ce u\u017cytkowania i konserwacji \u2013 BVOptic<\/a><\/div>\n<\/div>\n<\/div>\n<\/div>\n\n\n\n<div style=\"height:40px\" aria-hidden=\"true\" class=\"wp-block-spacer\"><\/div>\n<\/div><\/div>\n<\/div><\/div>\n\n\n\n<div class=\"wp-block-cover alignfull\" style=\"min-height:600px;aspect-ratio:unset;\"><span aria-hidden=\"true\" class=\"wp-block-cover__background has-nv-site-bg-background-color has-background-dim-100 has-background-dim\"><\/span><div class=\"wp-block-cover__inner-container is-layout-flow wp-block-cover-is-layout-flow\">\n<div class=\"wp-block-group\"><div class=\"wp-block-group__inner-container is-layout-flow wp-block-group-is-layout-flow\">\n<div style=\"height:80px\" aria-hidden=\"true\" class=\"wp-block-spacer\"><\/div>\n\n\n\n<div class=\"wp-block-columns are-vertically-aligned-center has-neve-text-color-color has-text-color is-layout-flex wp-container-core-columns-is-layout-9d6595d7 wp-block-columns-is-layout-flex\">\n<div class=\"wp-block-column is-vertically-aligned-center is-layout-flow wp-block-column-is-layout-flow\" style=\"padding-top:0;padding-right:var(--wp--preset--spacing--30);padding-bottom:0;padding-left:var(--wp--preset--spacing--30);flex-basis:50%\">\n<h2 class=\"wp-block-heading has-neve-text-color-color has-text-color\"><strong><strong>AKCESORIA<\/strong><\/strong><\/h2>\n\n\n\n<p class=\"has-neve-text-color-color has-text-color\">Nasza firma oferuje szeroki wyb\u00f3r akcesori\u00f3w do okular\u00f3w, kt\u00f3re \u0142\u0105cz\u0105 funkcjonalno\u015b\u0107 z estetyk\u0105. W naszej ofercie znajduj\u0105 si\u0119 <strong>mi\u0119kkie etui do okular\u00f3w<\/strong>, idealne do codziennego u\u017cytku, oraz <strong>twarde etui<\/strong>, zapewniaj\u0105ce maksymaln\u0105 ochron\u0119 nawet w wymagaj\u0105cych warunkach. Posiadamy r\u00f3wnie\u017c <strong>specjalne etui dla okular\u00f3w dzieci\u0119cych<\/strong>, stworzone z my\u015bl\u0105 o wygodzie i bezpiecze\u0144stwie najm\u0142odszych u\u017cytkownik\u00f3w.<\/p>\n\n\n\n<p class=\"has-neve-text-color-color has-text-color\">Oferujemy tak\u017ce praktyczne <strong>czy\u015bciki do okular\u00f3w<\/strong>, kt\u00f3re pozwalaj\u0105 utrzyma\u0107 szk\u0142a w doskona\u0142ej czysto\u015bci przez ca\u0142y dzie\u0144.<\/p>\n\n\n\n<p>Na <strong>specjalne zam\u00f3wienie<\/strong> wykonujemy r\u00f3wnie\u017c <strong>etui z nadrukiem okazyjnym<\/strong>, idealne jako wyj\u0105tkowy prezent \u2013 na przyk\u0142ad z okazji Dnia Babci i Dziadka. Dzi\u0119ki personalizacji ka\u017cde etui mo\u017ce sta\u0107 si\u0119 oryginalnym i niepowtarzalnym upominkiem.<\/p>\n<\/div>\n\n\n\n<div class=\"wp-block-column is-vertically-aligned-center is-layout-flow wp-block-column-is-layout-flow\" style=\"padding-right:var(--wp--preset--spacing--30);padding-left:var(--wp--preset--spacing--30);flex-basis:50%\">\n<figure class=\"wp-block-image size-full has-custom-border\"><img loading=\"lazy\" decoding=\"async\" width=\"1920\" height=\"2560\" src=\"https:\/\/bvoptic.pl\/wp-content\/uploads\/2025\/12\/wysoki-kat-widoku-okularow-przeciwslonecznych-na-bialym-scaled.jpg\" alt=\"\" class=\"wp-image-62\" style=\"border-radius:16px\" srcset=\"https:\/\/bvoptic.pl\/wp-content\/uploads\/2025\/12\/wysoki-kat-widoku-okularow-przeciwslonecznych-na-bialym-scaled.jpg 1920w, https:\/\/bvoptic.pl\/wp-content\/uploads\/2025\/12\/wysoki-kat-widoku-okularow-przeciwslonecznych-na-bialym-225x300.jpg 225w, https:\/\/bvoptic.pl\/wp-content\/uploads\/2025\/12\/wysoki-kat-widoku-okularow-przeciwslonecznych-na-bialym-768x1024.jpg 768w, https:\/\/bvoptic.pl\/wp-content\/uploads\/2025\/12\/wysoki-kat-widoku-okularow-przeciwslonecznych-na-bialym-1152x1536.jpg 1152w, https:\/\/bvoptic.pl\/wp-content\/uploads\/2025\/12\/wysoki-kat-widoku-okularow-przeciwslonecznych-na-bialym-1536x2048.jpg 1536w\" sizes=\"auto, (max-width: 1920px) 100vw, 1920px\" \/><\/figure>\n<\/div>\n<\/div>\n\n\n\n<div style=\"height:40px\" aria-hidden=\"true\" class=\"wp-block-spacer\"><\/div>\n<\/div><\/div>\n<\/div><\/div>\n\n\n\n<div class=\"wp-block-cover alignfull\" style=\"min-height:420px;aspect-ratio:unset;\" id=\"kontakt\"><span aria-hidden=\"true\" class=\"wp-block-cover__background has-nv-site-bg-background-color has-background-dim-100 has-background-dim\"><\/span><div class=\"wp-block-cover__inner-container is-layout-flow wp-block-cover-is-layout-flow\">\n<div style=\"height:80px\" aria-hidden=\"true\" class=\"wp-block-spacer\"><\/div>\n\n\n\n<div class=\"wp-block-columns is-layout-flex wp-container-core-columns-is-layout-9d6595d7 wp-block-columns-is-layout-flex\">\n<div class=\"wp-block-column ticss-4ce656f1 is-layout-flow wp-block-column-is-layout-flow\" style=\"padding-right:var(--wp--preset--spacing--30);padding-left:var(--wp--preset--spacing--30)\">\n<div class=\"wp-block-group countur has-nv-site-bg-background-color has-background\" style=\"border-radius:24px\"><div class=\"wp-block-group__inner-container is-layout-flow wp-block-group-is-layout-flow\">\n<div style=\"height:24px\" aria-hidden=\"true\" class=\"wp-block-spacer\"><\/div>\n\n\n<div class=\"wp-block-image icon-style is-style-default wp-duotone-dark-grayscale\">\n<figure class=\"aligncenter size-full\"><img decoding=\"async\" src=\"https:\/\/bvoptic.pl\/wp-content\/themes\/neve\/assets\/img\/starter-content\/neve-marketing-icon-7.png\" alt=\"\"\/><\/figure>\n<\/div>\n\n\n<div style=\"height:24px\" aria-hidden=\"true\" class=\"wp-block-spacer\"><\/div>\n\n\n\n<h3 class=\"wp-block-heading has-text-align-center has-neve-text-color-color has-text-color\">Zadzwo\u0144 do nas!<\/h3>\n\n\n\n<p class=\"has-text-align-center has-neve-text-color-color has-text-color has-medium-font-size\">tel. 888 330 444<br><\/p>\n\n\n\n<div style=\"height:24px\" aria-hidden=\"true\" class=\"wp-block-spacer\"><\/div>\n<\/div><\/div>\n<\/div>\n\n\n\n<div class=\"wp-block-column ticss-f6fc7494 is-layout-flow wp-block-column-is-layout-flow\" style=\"padding-right:var(--wp--preset--spacing--30);padding-left:var(--wp--preset--spacing--30)\">\n<div class=\"wp-block-group countur has-nv-site-bg-background-color has-background\" style=\"border-radius:24px\"><div class=\"wp-block-group__inner-container is-layout-flow wp-block-group-is-layout-flow\">\n<div style=\"height:24px\" aria-hidden=\"true\" class=\"wp-block-spacer\"><\/div>\n\n\n<div class=\"wp-block-image icon-style is-style-default wp-duotone-dark-grayscale\">\n<figure class=\"aligncenter size-full\"><img decoding=\"async\" src=\"https:\/\/bvoptic.pl\/wp-content\/themes\/neve\/assets\/img\/starter-content\/neve-marketing-icon-5.png\" alt=\"\"\/><\/figure>\n<\/div>\n\n\n<div style=\"height:24px\" aria-hidden=\"true\" class=\"wp-block-spacer\"><\/div>\n\n\n\n<h3 class=\"wp-block-heading has-text-align-center has-neve-text-color-color has-text-color\">Email<\/h3>\n\n\n\n<p class=\"has-text-align-center has-neve-text-color-color has-text-color has-medium-font-size\"><a href=\"mailto:bestvision@best-vision.com.pl\">bestvision@best-vision.com.pl<\/a><\/p>\n\n\n\n<div style=\"height:24px\" aria-hidden=\"true\" class=\"wp-block-spacer\"><\/div>\n<\/div><\/div>\n<\/div>\n\n\n\n<div class=\"wp-block-column ticss-a5b4df29 is-layout-flow wp-block-column-is-layout-flow\" style=\"padding-right:var(--wp--preset--spacing--30);padding-left:var(--wp--preset--spacing--30)\">\n<div class=\"wp-block-group countur has-nv-site-bg-background-color has-background\" style=\"border-radius:24px\"><div class=\"wp-block-group__inner-container is-layout-flow wp-block-group-is-layout-flow\">\n<div style=\"height:24px\" aria-hidden=\"true\" class=\"wp-block-spacer\"><\/div>\n\n\n<div class=\"wp-block-image icon-style is-style-default wp-duotone-dark-grayscale\">\n<figure class=\"aligncenter size-full\"><img decoding=\"async\" src=\"https:\/\/bvoptic.pl\/wp-content\/themes\/neve\/assets\/img\/starter-content\/neve-marketing-icon-6.png\" alt=\"\"\/><\/figure>\n<\/div>\n\n\n<div style=\"height:24px\" aria-hidden=\"true\" class=\"wp-block-spacer\"><\/div>\n\n\n\n<h3 class=\"wp-block-heading has-text-align-center has-neve-text-color-color has-text-color\">Biuro<\/h3>\n\n\n\n<p class=\"has-text-align-center has-neve-text-color-color has-text-color has-medium-font-size\">ul. Leszczy\u0144ska 34A, <br>64-115 \u015awi\u0119ciechowa<\/p>\n\n\n\n<div style=\"height:24px\" aria-hidden=\"true\" class=\"wp-block-spacer\"><\/div>\n<\/div><\/div>\n<\/div>\n<\/div>\n\n\n\n<div style=\"height:30px\" aria-hidden=\"true\" class=\"wp-block-spacer\"><\/div>\n<\/div><\/div>\n\n\n\n<p><\/p>\n","protected":false},"excerpt":{"rendered":"","protected":false},"author":1,"featured_media":0,"parent":0,"menu_order":0,"comment_status":"closed","ping_status":"closed","template":"","meta":{"neve_meta_sidebar":"","neve_meta_container":"","neve_meta_enable_content_width":"on","neve_meta_content_width":100,"neve_meta_title_alignment":"","neve_meta_author_avatar":"","neve_post_elements_order":"","neve_meta_disable_header":"","neve_meta_disable_footer":"","neve_meta_disable_title":"on","footnotes":""},"class_list":["post-7","page","type-page","status-publish","hentry"],"_links":{"self":[{"href":"https:\/\/bvoptic.pl\/index.php?rest_route=\/wp\/v2\/pages\/7","targetHints":{"allow":["GET"]}}],"collection":[{"href":"https:\/\/bvoptic.pl\/index.php?rest_route=\/wp\/v2\/pages"}],"about":[{"href":"https:\/\/bvoptic.pl\/index.php?rest_route=\/wp\/v2\/types\/page"}],"author":[{"embeddable":true,"href":"https:\/\/bvoptic.pl\/index.php?rest_route=\/wp\/v2\/users\/1"}],"replies":[{"embeddable":true,"href":"https:\/\/bvoptic.pl\/index.php?rest_route=%2Fwp%2Fv2%2Fcomments&post=7"}],"version-history":[{"count":52,"href":"https:\/\/bvoptic.pl\/index.php?rest_route=\/wp\/v2\/pages\/7\/revisions"}],"predecessor-version":[{"id":183,"href":"https:\/\/bvoptic.pl\/index.php?rest_route=\/wp\/v2\/pages\/7\/revisions\/183"}],"wp:attachment":[{"href":"https:\/\/bvoptic.pl\/index.php?rest_route=%2Fwp%2Fv2%2Fmedia&parent=7"}],"curies":[{"name":"wp","href":"https:\/\/api.w.org\/{rel}","templated":true}]}}